{"id":3112,"date":"2020-09-03T20:47:32","date_gmt":"2020-09-04T00:47:32","guid":{"rendered":"https:\/\/www.ready-initiative.org\/?page_id=3112"},"modified":"2020-09-11T17:32:23","modified_gmt":"2020-09-11T21:32:23","slug":"impacts-of-covid-19-on-refugees-idps-and-other-people-of-concern-in-niger","status":"publish","type":"page","link":"https:\/\/www.ready-initiative.org\/fr\/training-page\/risk-communication-and-community-engagement\/impacts-of-covid-19-on-refugees-idps-and-other-people-of-concern-in-niger\/","title":{"rendered":"Impacts du COVID-19 sur les r\u00e9fugi\u00e9s, les d\u00e9plac\u00e9s internes et les autres personnes concern\u00e9es au Niger"},"content":{"rendered":"<style type=\"text\/css\" data-created_by=\"avia_inline_auto\" id=\"style-css-av-3rh93s-58e4a2fd31b1209f38ccc561f8489336\">\n.flex_column.av-3rh93s-58e4a2fd31b1209f38ccc561f8489336{\nborder-radius:0px 0px 0px 0px;\npadding:0px 0px 0px 0px;\n}\n<\/style>\n<div class='flex_column av-3rh93s-58e4a2fd31b1209f38ccc561f8489336 av_one_full avia-builder-el-0 avia-builder-el-no-sibling first flex_column_div av-zero-column-padding' ><section class='av_textblock_section av-kemuj0ec-9ebda9b0bdf61c9ade537a7413c4e821' itemscope=\"itemscope\" itemtype=\"https:\/\/schema.org\/CreativeWork\" ><div class='avia_textblock' itemprop=\"text\" ><h2 style=\"text-align: center;\">Entretien 7\u00a0: Aborder les impacts de la COVID-19 sur les r\u00e9fugi\u00e9s, les d\u00e9plac\u00e9s internes et les autres personnes relevant de la comp\u00e9tence du HCR au Niger<\/h2>\n<p>Depuis le bureau du Niger du Haut-Commissariat des Nations Unies pour les r\u00e9fugi\u00e9s (HCR), le Bureau de protection Zbigniew Paul Dime explique comment ils exploitent les r\u00e9seaux existants de populations vuln\u00e9rables, de dirigeants, de communaut\u00e9s d&#039;accueil et de prestataires de services pour faire face aux impacts du COVID-19, tels que la perte de revenus, et l&#039;importance de diriger avec les voix de la communaut\u00e9.<\/p>\n<\/div><\/section><br \/>\n<section class='av_textblock_section av-kenbkx4t-faaf76f2b00b52a3b2efb49e41731ded' itemscope=\"itemscope\" itemtype=\"https:\/\/schema.org\/CreativeWork\" ><div class='avia_textblock' itemprop=\"text\" ><p>1. Regardez la vid\u00e9o :<\/p>\n<\/div><\/section><br \/>\n<br \/>\n<div class='hr av-5y7eau-bd80396a3d86e9127ac18294fb0df7ff hr-default avia-builder-el-4 el_after_av_codeblock el_before_av_textblock'><span class='hr-inner'><span class=\"hr-inner-style\"><\/span><\/span><\/div><br \/>\n<section class='av_textblock_section av-kenk8tvm-341390fd2c948a9af1c092f0c28b7454' itemscope=\"itemscope\" itemtype=\"https:\/\/schema.org\/CreativeWork\" ><div class='avia_textblock' itemprop=\"text\" ><p style=\"text-align: center;\"><em>Il s\u2019agit de la derni\u00e8re vid\u00e9o du module 1\u00a0: Communication des risques et engagement communautaire.<\/em><\/p>\n<p style=\"text-align: center;\"><strong>Maintenant que vous avez regard\u00e9 tous les entretiens avec les experts de ce module, avez-vous des r\u00e9flexions ou des questions \u00e0 partager avec d\u2019autres apprenants\u00a0?<\/strong><\/p>\n<\/div><\/section><br \/>\n<section class='av_textblock_section av-kexdqsf4-46b3673fc9a8aa80242f9d8db775bf2a' itemscope=\"itemscope\" itemtype=\"https:\/\/schema.org\/CreativeWork\" ><div class='avia_textblock' itemprop=\"text\" ><\/div><\/section><br \/>\n<div class='avia-buttonrow-wrap av-kelwh4df-697d31302b2218b8b6dfc85a6965f64a avia-buttonrow-center avia-builder-el-7 el_after_av_textblock avia-builder-el-last'>\n\n<style type=\"text\/css\" data-created_by=\"avia_inline_auto\" id=\"style-css-av-6d25ue-5d3ff8ae41803830766ca0dafc728a93\">\n#top #wrap_all .avia-button.av-6d25ue-5d3ff8ae41803830766ca0dafc728a93{\nbackground-color:#1a3168;\nborder-color:#1a3168;\ncolor:#ffffff;\ntransition:all 0.4s ease-in-out;\nmargin-bottom:5px;\nmargin-right:3px;\nmargin-left:3px;\n}\n<\/style>\n<a href='https:\/\/www.ready-initiative.org\/fr\/training-page\/#1-risk-communication-and-community-engagement-rcce' class='avia-button av-6d25ue-5d3ff8ae41803830766ca0dafc728a93 avia-icon_select-yes-left-icon avia-size-large' ><span class='avia_button_icon avia_button_icon_left' aria-hidden='true' data-av_icon='\ue831' data-av_iconfont='entypo-fontello'><\/span><span class='avia_iconbox_title' >Retour \u00e0 la page de formation<\/span><\/a>\n\n<style type=\"text\/css\" data-created_by=\"avia_inline_auto\" id=\"style-css-av-4oc5uu-b7122ac717ac5eef754697f003530825\">\n#top #wrap_all .avia-button.av-4oc5uu-b7122ac717ac5eef754697f003530825{\nbackground-color:#1a3168;\nborder-color:#1a3168;\ncolor:#ffffff;\ntransition:all 0.4s ease-in-out;\nmargin-bottom:5px;\nmargin-right:3px;\nmargin-left:3px;\n}\n<\/style>\n<a href='https:\/\/www.ready-initiative.org\/fr\/training-page\/risk-communication-and-community-engagement\/' class='avia-button av-4oc5uu-b7122ac717ac5eef754697f003530825 avia-icon_select-yes-left-icon avia-size-large' ><span class='avia_button_icon avia_button_icon_left' aria-hidden='true' data-av_icon='\ue830' data-av_iconfont='entypo-fontello'><\/span><span class='avia_iconbox_title' >Retour au module<\/span><\/a>\n\n<style type=\"text\/css\" data-created_by=\"avia_inline_auto\" id=\"style-css-av-2efcko-d0e57e3e185994c3780c0a3b111832e3\">\n#top #wrap_all .avia-button.av-2efcko-d0e57e3e185994c3780c0a3b111832e3{\nbackground-color:#ba0d2f;\nborder-color:#ba0d2f;\ncolor:#ffffff;\ntransition:all 0.4s ease-in-out;\nmargin-bottom:5px;\nmargin-right:3px;\nmargin-left:3px;\n}\n<\/style>\n<a href='https:\/\/community.ready-initiative.org\/t\/risk-communication-and-community-engagement-questions-and-discussion\/1634\/2' class='avia-button av-2efcko-d0e57e3e185994c3780c0a3b111832e3 avia-icon_select-yes-left-icon avia-size-large' target=\"_blank\" rel=\"noopener noreferrer\"><span class='avia_button_icon avia_button_icon_left' aria-hidden='true' data-av_icon='\ue83c' data-av_iconfont='entypo-fontello'><\/span><span class='avia_iconbox_title' >Visitez le forum de discussion READY<\/span><\/a>\n<\/div><\/p><\/div>","protected":false},"excerpt":{"rendered":"","protected":false},"author":2,"featured_media":0,"parent":2942,"menu_order":0,"comment_status":"closed","ping_status":"closed","template":"","meta":{"publish_to_discourse":"","publish_post_category":"","wpdc_auto_publish_overridden":"","wpdc_topic_tags":"","wpdc_pin_topic":"","wpdc_pin_until":"","discourse_post_id":"","discourse_permalink":"","wpdc_publishing_response":"","wpdc_publishing_error":"","footnotes":""},"disease_type":[],"language":[],"topic":[],"document_type":[],"highlighted_resource":[],"class_list":["post-3112","page","type-page","status-publish","hentry"],"_links":{"self":[{"href":"https:\/\/www.ready-initiative.org\/fr\/wp-json\/wp\/v2\/pages\/3112"}],"collection":[{"href":"https:\/\/www.ready-initiative.org\/fr\/wp-json\/wp\/v2\/pages"}],"about":[{"href":"https:\/\/www.ready-initiative.org\/fr\/wp-json\/wp\/v2\/types\/page"}],"author":[{"embeddable":true,"href":"https:\/\/www.ready-initiative.org\/fr\/wp-json\/wp\/v2\/users\/2"}],"replies":[{"embeddable":true,"href":"https:\/\/www.ready-initiative.org\/fr\/wp-json\/wp\/v2\/comments?post=3112"}],"version-history":[{"count":0,"href":"https:\/\/www.ready-initiative.org\/fr\/wp-json\/wp\/v2\/pages\/3112\/revisions"}],"up":[{"embeddable":true,"href":"https:\/\/www.ready-initiative.org\/fr\/wp-json\/wp\/v2\/pages\/2942"}],"wp:attachment":[{"href":"https:\/\/www.ready-initiative.org\/fr\/wp-json\/wp\/v2\/media?parent=3112"}],"wp:term":[{"taxonomy":"disease_type","embeddable":true,"href":"https:\/\/www.ready-initiative.org\/fr\/wp-json\/wp\/v2\/disease_type?post=3112"},{"taxonomy":"language","embeddable":true,"href":"https:\/\/www.ready-initiative.org\/fr\/wp-json\/wp\/v2\/language?post=3112"},{"taxonomy":"topic","embeddable":true,"href":"https:\/\/www.ready-initiative.org\/fr\/wp-json\/wp\/v2\/topic?post=3112"},{"taxonomy":"document_type","embeddable":true,"href":"https:\/\/www.ready-initiative.org\/fr\/wp-json\/wp\/v2\/document_type?post=3112"},{"taxonomy":"highlighted_resource","embeddable":true,"href":"https:\/\/www.ready-initiative.org\/fr\/wp-json\/wp\/v2\/highlighted_resource?post=3112"}],"curies":[{"name":"wp","href":"https:\/\/api.w.org\/{rel}","templated":true}]}}